{"id":892,"date":"2015-03-12T11:56:36","date_gmt":"2015-03-12T11:56:36","guid":{"rendered":"http:\/\/orientpacificvietnam.com\/?page_id=892"},"modified":"2022-01-24T13:53:32","modified_gmt":"2022-01-24T06:53:32","slug":"health-insurance","status":"publish","type":"page","link":"https:\/\/orientpacificvietnam.com\/en\/health-insurance\/","title":{"rendered":"Short-term visa and long-term visa"},"content":{"rendered":"<p><strong>Short-term visas include tourist visas, business visas, work visas or study permits,\u2026<\/strong><\/p>\n<p>A visa application is very complicated and will take weeks to months to finalise.<\/p>\n<p>There are forms with questions such as list countries that you have visited during the last 10 years,\u2026 or declare all your social media accounts. The information provided should be consistent across all channels of information that can be found. There may be a face-to-face interview request or a request to send your original passport for visa stamp &#8211; it will take a few days or weeks to receive your passport back.<\/p>\n<p><strong>Immigration visa: Resident permit, permanent residency visa, passport.<\/strong><\/p>\n<p>This is one of the benefits investors will receive when investing or doing business in a country.<\/p>\n<p>PR card holders, or second passport holders will be able to travel and enter many countries during closed border periods such as the recent covid-19 pandemic. PR cards or second passports also give holders flexibility in the event that their original passport is lost, or expired and not yet renewed.<\/p>\n<p>Passports of a small and neutral country are a good travel document that can be used to enter certain countries in difficult situations such as political changes and war. For safety reasons, many business people choose to give themselves a second passport through investment; this investment is not only for current generations, but future generations as well.<\/p>","protected":false},"excerpt":{"rendered":"<p>Short-term visas include tourist visas, business visas, work visas or study permits,\u2026 A visa application is very complicated and will take weeks to months to finalise. There are forms with questions such as list countries that you have visited during the last 10 years,\u2026 or declare all your social media accounts. The information provided should &hellip; <a href=\"https:\/\/orientpacificvietnam.com\/en\/health-insurance\/\" class=\"more-link\">Continue reading <span class=\"screen-reader-text\">Short-term visa and long-term visa<\/span><\/a><\/p>\n","protected":false},"author":1008,"featured_media":0,"parent":0,"menu_order":0,"comment_status":"open","ping_status":"open","template":"","meta":{"footnotes":""},"class_list":["post-892","page","type-page","status-publish","hentry"],"yoast_head":"<!-- This site is optimized with the Yoast SEO plugin v27.4 - https:\/\/yoast.com\/product\/yoast-seo-wordpress\/ -->\n<title>Short-term visa and long-term visa - OPV<\/title>\n<meta name=\"robots\" content=\"index, follow, max-snippet:-1, max-image-preview:large, max-video-preview:-1\" \/>\n<link rel=\"canonical\" href=\"https:\/\/orientpacificvietnam.com\/health-insurance\/\" \/>\n<meta property=\"og:locale\" content=\"en_US\" \/>\n<meta property=\"og:type\" content=\"article\" \/>\n<meta property=\"og:title\" content=\"[:vi]C\u00e1c lo\u1ea1i th\u1ecb th\u1ef1c ng\u1eafn h\u1ea1n v\u00e0 l\u00e2u d\u00e0i[:en]Short-term visa and long-term visa[:] - OPV\" \/>\n<meta property=\"og:description\" content=\"Short-term visas include tourist visas, business visas, work visas or study permits,\u2026 A visa application is very complicated and will take weeks to months to finalise. There are forms with questions such as list countries that you have visited during the last 10 years,\u2026 or declare all your social media accounts. The information provided should &hellip; Continue reading Short-term visa and long-term visa\" \/>\n<meta property=\"og:url\" content=\"https:\/\/orientpacificvietnam.com\/health-insurance\/\" \/>\n<meta property=\"og:site_name\" content=\"OPV\" \/>\n<meta property=\"article:modified_time\" content=\"2022-01-24T06:53:32+00:00\" \/>\n<meta name=\"twitter:card\" content=\"summary_large_image\" \/>\n<meta name=\"twitter:label1\" content=\"Est. reading time\" \/>\n\t<meta name=\"twitter:data1\" content=\"4 minutes\" \/>\n<script type=\"application\/ld+json\" class=\"yoast-schema-graph\">{\"@context\":\"https:\\\/\\\/schema.org\",\"@graph\":[{\"@type\":\"WebPage\",\"@id\":\"https:\\\/\\\/orientpacificvietnam.com\\\/health-insurance\\\/\",\"url\":\"https:\\\/\\\/orientpacificvietnam.com\\\/health-insurance\\\/\",\"name\":\"[:vi]C\u00e1c lo\u1ea1i th\u1ecb th\u1ef1c ng\u1eafn h\u1ea1n v\u00e0 l\u00e2u d\u00e0i[:en]Short-term visa and long-term visa[:] - OPV\",\"isPartOf\":{\"@id\":\"https:\\\/\\\/orientpacificvietnam.com\\\/#website\"},\"datePublished\":\"2015-03-12T11:56:36+00:00\",\"dateModified\":\"2022-01-24T06:53:32+00:00\",\"breadcrumb\":{\"@id\":\"https:\\\/\\\/orientpacificvietnam.com\\\/health-insurance\\\/#breadcrumb\"},\"inLanguage\":\"en-US\",\"potentialAction\":[{\"@type\":\"ReadAction\",\"target\":[\"https:\\\/\\\/orientpacificvietnam.com\\\/health-insurance\\\/\"]}]},{\"@type\":\"BreadcrumbList\",\"@id\":\"https:\\\/\\\/orientpacificvietnam.com\\\/health-insurance\\\/#breadcrumb\",\"itemListElement\":[{\"@type\":\"ListItem\",\"position\":1,\"name\":\"Home\",\"item\":\"https:\\\/\\\/orientpacificvietnam.com\\\/\"},{\"@type\":\"ListItem\",\"position\":2,\"name\":\"C\u00e1c lo\u1ea1i th\u1ecb th\u1ef1c ng\u1eafn h\u1ea1n v\u00e0 l\u00e2u d\u00e0i\"}]},{\"@type\":\"WebSite\",\"@id\":\"https:\\\/\\\/orientpacificvietnam.com\\\/#website\",\"url\":\"https:\\\/\\\/orientpacificvietnam.com\\\/\",\"name\":\"OPV\",\"description\":\"Gateway to Global Citizenship\",\"potentialAction\":[{\"@type\":\"SearchAction\",\"target\":{\"@type\":\"EntryPoint\",\"urlTemplate\":\"https:\\\/\\\/orientpacificvietnam.com\\\/?s={search_term_string}\"},\"query-input\":{\"@type\":\"PropertyValueSpecification\",\"valueRequired\":true,\"valueName\":\"search_term_string\"}}],\"inLanguage\":\"en-US\"}]}<\/script>\n<!-- \/ Yoast SEO plugin. -->","yoast_head_json":{"title":"[:vi]C\u00e1c lo\u1ea1i th\u1ecb th\u1ef1c ng\u1eafn h\u1ea1n v\u00e0 l\u00e2u d\u00e0i[:en]Short-term visa and long-term visa[:] - OPV","robots":{"index":"index","follow":"follow","max-snippet":"max-snippet:-1","max-image-preview":"max-image-preview:large","max-video-preview":"max-video-preview:-1"},"canonical":"https:\/\/orientpacificvietnam.com\/health-insurance\/","og_locale":"en_US","og_type":"article","og_title":"[:vi]C\u00e1c lo\u1ea1i th\u1ecb th\u1ef1c ng\u1eafn h\u1ea1n v\u00e0 l\u00e2u d\u00e0i[:en]Short-term visa and long-term visa[:] - OPV","og_description":"Short-term visas include tourist visas, business visas, work visas or study permits,\u2026 A visa application is very complicated and will take weeks to months to finalise. There are forms with questions such as list countries that you have visited during the last 10 years,\u2026 or declare all your social media accounts. The information provided should &hellip; Continue reading Short-term visa and long-term visa","og_url":"https:\/\/orientpacificvietnam.com\/health-insurance\/","og_site_name":"OPV","article_modified_time":"2022-01-24T06:53:32+00:00","twitter_card":"summary_large_image","twitter_misc":{"Est. reading time":"4 minutes"},"schema":{"@context":"https:\/\/schema.org","@graph":[{"@type":"WebPage","@id":"https:\/\/orientpacificvietnam.com\/health-insurance\/","url":"https:\/\/orientpacificvietnam.com\/health-insurance\/","name":"[:vi]C\u00e1c lo\u1ea1i th\u1ecb th\u1ef1c ng\u1eafn h\u1ea1n v\u00e0 l\u00e2u d\u00e0i[:en]Short-term visa and long-term visa[:] - OPV","isPartOf":{"@id":"https:\/\/orientpacificvietnam.com\/#website"},"datePublished":"2015-03-12T11:56:36+00:00","dateModified":"2022-01-24T06:53:32+00:00","breadcrumb":{"@id":"https:\/\/orientpacificvietnam.com\/health-insurance\/#breadcrumb"},"inLanguage":"en-US","potentialAction":[{"@type":"ReadAction","target":["https:\/\/orientpacificvietnam.com\/health-insurance\/"]}]},{"@type":"BreadcrumbList","@id":"https:\/\/orientpacificvietnam.com\/health-insurance\/#breadcrumb","itemListElement":[{"@type":"ListItem","position":1,"name":"Home","item":"https:\/\/orientpacificvietnam.com\/"},{"@type":"ListItem","position":2,"name":"C\u00e1c lo\u1ea1i th\u1ecb th\u1ef1c ng\u1eafn h\u1ea1n v\u00e0 l\u00e2u d\u00e0i"}]},{"@type":"WebSite","@id":"https:\/\/orientpacificvietnam.com\/#website","url":"https:\/\/orientpacificvietnam.com\/","name":"OPV","description":"Gateway to Global Citizenship","potentialAction":[{"@type":"SearchAction","target":{"@type":"EntryPoint","urlTemplate":"https:\/\/orientpacificvietnam.com\/?s={search_term_string}"},"query-input":{"@type":"PropertyValueSpecification","valueRequired":true,"valueName":"search_term_string"}}],"inLanguage":"en-US"}]}},"_links":{"self":[{"href":"https:\/\/orientpacificvietnam.com\/en\/wp-json\/wp\/v2\/pages\/892","targetHints":{"allow":["GET"]}}],"collection":[{"href":"https:\/\/orientpacificvietnam.com\/en\/wp-json\/wp\/v2\/pages"}],"about":[{"href":"https:\/\/orientpacificvietnam.com\/en\/wp-json\/wp\/v2\/types\/page"}],"author":[{"embeddable":true,"href":"https:\/\/orientpacificvietnam.com\/en\/wp-json\/wp\/v2\/users\/1008"}],"replies":[{"embeddable":true,"href":"https:\/\/orientpacificvietnam.com\/en\/wp-json\/wp\/v2\/comments?post=892"}],"version-history":[{"count":5,"href":"https:\/\/orientpacificvietnam.com\/en\/wp-json\/wp\/v2\/pages\/892\/revisions"}],"predecessor-version":[{"id":16450,"href":"https:\/\/orientpacificvietnam.com\/en\/wp-json\/wp\/v2\/pages\/892\/revisions\/16450"}],"wp:attachment":[{"href":"https:\/\/orientpacificvietnam.com\/en\/wp-json\/wp\/v2\/media?parent=892"}],"curies":[{"name":"wp","href":"https:\/\/api.w.org\/{rel}","templated":true}]}}