{"id":886,"date":"2015-03-12T11:52:01","date_gmt":"2015-03-12T11:52:01","guid":{"rendered":"http:\/\/orientpacificvietnam.com\/?page_id=886"},"modified":"2022-01-24T13:50:36","modified_gmt":"2022-01-24T06:50:36","slug":"visa-application","status":"publish","type":"page","link":"https:\/\/orientpacificvietnam.com\/en\/visa-application\/","title":{"rendered":"Risks elimination and wealth growth"},"content":{"rendered":"<p>[vc_row][vc_column][vc_column_text]<strong>Benefits through investment immigration are included:<\/strong><\/p>\n<ul>\n<li>Property ownership for personal use or for leasing<\/li>\n<li>Avoid local currency inflation<\/li>\n<li>Income from rental and capital gain<\/li>\n<li>Enjoy tax regimes.<\/li>\n<\/ul>\n<p>Initial goal of most investors when purchasing new property, especially overseas, is for holidays and rental income when not in personal use.<\/p>\n<p>For others, they may consider property in a stable and developed country as\u00a0 a good channel of investment.<\/p>\n<p>Many investment-funds invest their funds in real estate projects in many countries for capital gain, or to take advantage of many benefits from the country, including taxes.<\/p>\n<p>Property investment in other countries is also one of the solutions to help investors dealing with political or economic situations. History has proven that many empires and kingdoms collapsed after going through periods of flourishing development. Regardless of the great achievements of mankind in the 21st century, the problem of instability due to some unexpected cause can occur. Therefore, real estate investment internationally allows investors to deal with bad situations or the economic cycle of a particular market.[\/vc_column_text][\/vc_column][\/vc_row]<\/p>","protected":false},"excerpt":{"rendered":"<p>[vc_row][vc_column][vc_column_text]Benefits through investment immigration are included: Property ownership for personal use or for leasing Avoid local currency inflation Income from rental and capital gain Enjoy tax regimes. Initial goal of most investors when purchasing new property, especially overseas, is for holidays and rental income when not in personal use. For others, they may consider property &hellip; <a href=\"https:\/\/orientpacificvietnam.com\/en\/visa-application\/\" class=\"more-link\">Continue reading <span class=\"screen-reader-text\">Risks elimination and wealth growth<\/span><\/a><\/p>\n","protected":false},"author":1008,"featured_media":0,"parent":0,"menu_order":0,"comment_status":"open","ping_status":"open","template":"","meta":{"footnotes":""},"class_list":["post-886","page","type-page","status-publish","hentry"],"yoast_head":"<!-- This site is optimized with the Yoast SEO plugin v27.4 - https:\/\/yoast.com\/product\/yoast-seo-wordpress\/ -->\n<title>Risks elimination and wealth growth  - OPV<\/title>\n<meta name=\"robots\" content=\"index, follow, max-snippet:-1, max-image-preview:large, max-video-preview:-1\" \/>\n<link rel=\"canonical\" href=\"https:\/\/orientpacificvietnam.com\/visa-application\/\" \/>\n<meta property=\"og:locale\" content=\"en_US\" \/>\n<meta property=\"og:type\" content=\"article\" \/>\n<meta property=\"og:title\" content=\"[:vi] H\u1ea1n ch\u1ebf r\u1ee7i ro v\u00e0 gia t\u0103ng gi\u00e1 tr\u1ecb t\u00e0i s\u1ea3n[:en]Risks elimination and wealth growth [:] - OPV\" \/>\n<meta property=\"og:description\" content=\"[vc_row][vc_column][vc_column_text]Benefits through investment immigration are included: Property ownership for personal use or for leasing Avoid local currency inflation Income from rental and capital gain Enjoy tax regimes. Initial goal of most investors when purchasing new property, especially overseas, is for holidays and rental income when not in personal use. For others, they may consider property &hellip; Continue reading Risks elimination and wealth growth\" \/>\n<meta property=\"og:url\" content=\"https:\/\/orientpacificvietnam.com\/visa-application\/\" \/>\n<meta property=\"og:site_name\" content=\"OPV\" \/>\n<meta property=\"article:modified_time\" content=\"2022-01-24T06:50:36+00:00\" \/>\n<meta name=\"twitter:card\" content=\"summary_large_image\" \/>\n<meta name=\"twitter:label1\" content=\"Est. reading time\" \/>\n\t<meta name=\"twitter:data1\" content=\"3 minutes\" \/>\n<script type=\"application\/ld+json\" class=\"yoast-schema-graph\">{\"@context\":\"https:\\\/\\\/schema.org\",\"@graph\":[{\"@type\":\"WebPage\",\"@id\":\"https:\\\/\\\/orientpacificvietnam.com\\\/visa-application\\\/\",\"url\":\"https:\\\/\\\/orientpacificvietnam.com\\\/visa-application\\\/\",\"name\":\"[:vi] H\u1ea1n ch\u1ebf r\u1ee7i ro v\u00e0 gia t\u0103ng gi\u00e1 tr\u1ecb t\u00e0i s\u1ea3n[:en]Risks elimination and wealth growth [:] - OPV\",\"isPartOf\":{\"@id\":\"https:\\\/\\\/orientpacificvietnam.com\\\/#website\"},\"datePublished\":\"2015-03-12T11:52:01+00:00\",\"dateModified\":\"2022-01-24T06:50:36+00:00\",\"breadcrumb\":{\"@id\":\"https:\\\/\\\/orientpacificvietnam.com\\\/visa-application\\\/#breadcrumb\"},\"inLanguage\":\"en-US\",\"potentialAction\":[{\"@type\":\"ReadAction\",\"target\":[\"https:\\\/\\\/orientpacificvietnam.com\\\/visa-application\\\/\"]}]},{\"@type\":\"BreadcrumbList\",\"@id\":\"https:\\\/\\\/orientpacificvietnam.com\\\/visa-application\\\/#breadcrumb\",\"itemListElement\":[{\"@type\":\"ListItem\",\"position\":1,\"name\":\"Home\",\"item\":\"https:\\\/\\\/orientpacificvietnam.com\\\/\"},{\"@type\":\"ListItem\",\"position\":2,\"name\":\"H\u1ea1n ch\u1ebf r\u1ee7i ro v\u00e0 gia t\u0103ng gi\u00e1 tr\u1ecb t\u00e0i s\u1ea3n\"}]},{\"@type\":\"WebSite\",\"@id\":\"https:\\\/\\\/orientpacificvietnam.com\\\/#website\",\"url\":\"https:\\\/\\\/orientpacificvietnam.com\\\/\",\"name\":\"OPV\",\"description\":\"Gateway to Global Citizenship\",\"potentialAction\":[{\"@type\":\"SearchAction\",\"target\":{\"@type\":\"EntryPoint\",\"urlTemplate\":\"https:\\\/\\\/orientpacificvietnam.com\\\/?s={search_term_string}\"},\"query-input\":{\"@type\":\"PropertyValueSpecification\",\"valueRequired\":true,\"valueName\":\"search_term_string\"}}],\"inLanguage\":\"en-US\"}]}<\/script>\n<!-- \/ Yoast SEO plugin. -->","yoast_head_json":{"title":"[:vi] H\u1ea1n ch\u1ebf r\u1ee7i ro v\u00e0 gia t\u0103ng gi\u00e1 tr\u1ecb t\u00e0i s\u1ea3n[:en]Risks elimination and wealth growth [:] - OPV","robots":{"index":"index","follow":"follow","max-snippet":"max-snippet:-1","max-image-preview":"max-image-preview:large","max-video-preview":"max-video-preview:-1"},"canonical":"https:\/\/orientpacificvietnam.com\/visa-application\/","og_locale":"en_US","og_type":"article","og_title":"[:vi] H\u1ea1n ch\u1ebf r\u1ee7i ro v\u00e0 gia t\u0103ng gi\u00e1 tr\u1ecb t\u00e0i s\u1ea3n[:en]Risks elimination and wealth growth [:] - OPV","og_description":"[vc_row][vc_column][vc_column_text]Benefits through investment immigration are included: Property ownership for personal use or for leasing Avoid local currency inflation Income from rental and capital gain Enjoy tax regimes. Initial goal of most investors when purchasing new property, especially overseas, is for holidays and rental income when not in personal use. For others, they may consider property &hellip; Continue reading Risks elimination and wealth growth","og_url":"https:\/\/orientpacificvietnam.com\/visa-application\/","og_site_name":"OPV","article_modified_time":"2022-01-24T06:50:36+00:00","twitter_card":"summary_large_image","twitter_misc":{"Est. reading time":"3 minutes"},"schema":{"@context":"https:\/\/schema.org","@graph":[{"@type":"WebPage","@id":"https:\/\/orientpacificvietnam.com\/visa-application\/","url":"https:\/\/orientpacificvietnam.com\/visa-application\/","name":"[:vi] H\u1ea1n ch\u1ebf r\u1ee7i ro v\u00e0 gia t\u0103ng gi\u00e1 tr\u1ecb t\u00e0i s\u1ea3n[:en]Risks elimination and wealth growth [:] - OPV","isPartOf":{"@id":"https:\/\/orientpacificvietnam.com\/#website"},"datePublished":"2015-03-12T11:52:01+00:00","dateModified":"2022-01-24T06:50:36+00:00","breadcrumb":{"@id":"https:\/\/orientpacificvietnam.com\/visa-application\/#breadcrumb"},"inLanguage":"en-US","potentialAction":[{"@type":"ReadAction","target":["https:\/\/orientpacificvietnam.com\/visa-application\/"]}]},{"@type":"BreadcrumbList","@id":"https:\/\/orientpacificvietnam.com\/visa-application\/#breadcrumb","itemListElement":[{"@type":"ListItem","position":1,"name":"Home","item":"https:\/\/orientpacificvietnam.com\/"},{"@type":"ListItem","position":2,"name":"H\u1ea1n ch\u1ebf r\u1ee7i ro v\u00e0 gia t\u0103ng gi\u00e1 tr\u1ecb t\u00e0i s\u1ea3n"}]},{"@type":"WebSite","@id":"https:\/\/orientpacificvietnam.com\/#website","url":"https:\/\/orientpacificvietnam.com\/","name":"OPV","description":"Gateway to Global Citizenship","potentialAction":[{"@type":"SearchAction","target":{"@type":"EntryPoint","urlTemplate":"https:\/\/orientpacificvietnam.com\/?s={search_term_string}"},"query-input":{"@type":"PropertyValueSpecification","valueRequired":true,"valueName":"search_term_string"}}],"inLanguage":"en-US"}]}},"_links":{"self":[{"href":"https:\/\/orientpacificvietnam.com\/en\/wp-json\/wp\/v2\/pages\/886","targetHints":{"allow":["GET"]}}],"collection":[{"href":"https:\/\/orientpacificvietnam.com\/en\/wp-json\/wp\/v2\/pages"}],"about":[{"href":"https:\/\/orientpacificvietnam.com\/en\/wp-json\/wp\/v2\/types\/page"}],"author":[{"embeddable":true,"href":"https:\/\/orientpacificvietnam.com\/en\/wp-json\/wp\/v2\/users\/1008"}],"replies":[{"embeddable":true,"href":"https:\/\/orientpacificvietnam.com\/en\/wp-json\/wp\/v2\/comments?post=886"}],"version-history":[{"count":5,"href":"https:\/\/orientpacificvietnam.com\/en\/wp-json\/wp\/v2\/pages\/886\/revisions"}],"predecessor-version":[{"id":16447,"href":"https:\/\/orientpacificvietnam.com\/en\/wp-json\/wp\/v2\/pages\/886\/revisions\/16447"}],"wp:attachment":[{"href":"https:\/\/orientpacificvietnam.com\/en\/wp-json\/wp\/v2\/media?parent=886"}],"curies":[{"name":"wp","href":"https:\/\/api.w.org\/{rel}","templated":true}]}}